{"id":2288,"date":"2024-03-22T10:51:27","date_gmt":"2024-03-22T10:51:27","guid":{"rendered":"https:\/\/sabre300.recordpower.com\/conditions-generales-dutilisation\/"},"modified":"2024-04-09T12:45:32","modified_gmt":"2024-04-09T12:45:32","slug":"conditions-generales-dutilisation","status":"publish","type":"page","link":"https:\/\/sabre300.recordpower.com\/fr\/conditions-generales-dutilisation\/","title":{"rendered":"Conditions g\u00e9n\u00e9rales d&rsquo;utilisation"},"content":{"rendered":"\t\t<div data-elementor-type=\"wp-page\" data-elementor-id=\"2288\" class=\"elementor elementor-2288 elementor-1446\">\n\t\t\t\t<div class=\"elementor-element elementor-element-05712e7 pg_titl e-flex e-con-boxed wpr-particle-no wpr-jarallax-no wpr-parallax-no wpr-sticky-section-no e-con e-parent\" data-id=\"05712e7\" data-element_type=\"container\" data-settings=\"{&quot;background_background&quot;:&quot;classic&quot;}\">\n\t\t\t\t\t<div class=\"e-con-inner\">\n\t\t<div class=\"elementor-element elementor-element-74fb403 e-flex e-con-boxed wpr-particle-no wpr-jarallax-no wpr-parallax-no wpr-sticky-section-no e-con e-child\" data-id=\"74fb403\" data-element_type=\"container\">\n\t\t\t\t\t<div class=\"e-con-inner\">\n\t\t\t\t<div class=\"elementor-element elementor-element-71e8c00 elementor-widget elementor-widget-heading\" data-id=\"71e8c00\" data-element_type=\"widget\" data-widget_type=\"heading.default\">\n\t\t\t\t<div class=\"elementor-widget-container\">\n\t\t\t<style>\/*! elementor - v3.21.0 - 18-04-2024 *\/\n.elementor-heading-title{padding:0;margin:0;line-height:1}.elementor-widget-heading .elementor-heading-title[class*=elementor-size-]>a{color:inherit;font-size:inherit;line-height:inherit}.elementor-widget-heading .elementor-heading-title.elementor-size-small{font-size:15px}.elementor-widget-heading .elementor-heading-title.elementor-size-medium{font-size:19px}.elementor-widget-heading .elementor-heading-title.elementor-size-large{font-size:29px}.elementor-widget-heading .elementor-heading-title.elementor-size-xl{font-size:39px}.elementor-widget-heading .elementor-heading-title.elementor-size-xxl{font-size:59px}<\/style><h1 class=\"elementor-heading-title elementor-size-default\">Conditions g\u00e9n\u00e9rales d'utilisation<\/h1>\t\t<\/div>\n\t\t\t\t<\/div>\n\t\t\t\t\t<\/div>\n\t\t\t\t<\/div>\n\t\t\t\t\t<\/div>\n\t\t\t\t<\/div>\n\t\t<div class=\"elementor-element elementor-element-a1ab14f e-flex e-con-boxed wpr-particle-no wpr-jarallax-no wpr-parallax-no wpr-sticky-section-no e-con e-parent\" data-id=\"a1ab14f\" data-element_type=\"container\">\n\t\t\t\t\t<div class=\"e-con-inner\">\n\t\t\t\t<div class=\"elementor-element elementor-element-8763a58 elementor-widget elementor-widget-text-editor\" data-id=\"8763a58\" data-element_type=\"widget\" data-widget_type=\"text-editor.default\">\n\t\t\t\t<div class=\"elementor-widget-container\">\n\t\t\t<style>\/*! elementor - v3.21.0 - 18-04-2024 *\/\n.elementor-widget-text-editor.elementor-drop-cap-view-stacked .elementor-drop-cap{background-color:#69727d;color:#fff}.elementor-widget-text-editor.elementor-drop-cap-view-framed .elementor-drop-cap{color:#69727d;border:3px solid;background-color:transparent}.elementor-widget-text-editor:not(.elementor-drop-cap-view-default) .elementor-drop-cap{margin-top:8px}.elementor-widget-text-editor:not(.elementor-drop-cap-view-default) .elementor-drop-cap-letter{width:1em;height:1em}.elementor-widget-text-editor .elementor-drop-cap{float:left;text-align:center;line-height:1;font-size:50px}.elementor-widget-text-editor .elementor-drop-cap-letter{display:inline-block}<\/style>\t\t\t\t<p><b>1 Conditions g\u00e9n\u00e9rales d&rsquo;utilisation<\/b><br \/>1.1 Les images et les sp\u00e9cifications cit\u00e9es sur ce site web ne sont pas contraignantes dans le d\u00e9tail. Nous nous r\u00e9servons le droit de modifier les sp\u00e9cifications sans pr\u00e9avis. E&amp;OE.<\/p>\n<div>1.2 Record Power fournit ses produits par l&rsquo;interm\u00e9diaire d&rsquo;un r\u00e9seau national de revendeurs et de distributeurs agr\u00e9\u00e9s et votre contrat de vente sera conclu avec le revendeur aupr\u00e8s duquel vous achetez nos produits.<\/div>\n<div>1.3 Si vous n&rsquo;\u00eates pas satisfait de l&rsquo;un de nos produits, vous devez en premier lieu vous adresser au d\u00e9taillant aupr\u00e8s duquel vous l&rsquo;avez achet\u00e9.<\/div>\n<div>1.4 Les clients ont des droits statutaires pour les prot\u00e9ger et des informations sur ces droits peuvent \u00eatre obtenues aupr\u00e8s du Citizens Advice Bureau, <a href=\"http:\/\/www.citizensadvice.org.uk\/\" target=\"_blank\" rel=\"noopener\">www.citizensadvice.org.uk<\/a> ou du BERR Department for Business Enterprise &amp; Regulatory Reform, <a href=\"http:\/\/www.dti.gov.uk\/\" target=\"_blank\" rel=\"noopener\">www.dti.gov.uk<\/a>.<\/div>\n<div>1.5 Les prix indiqu\u00e9s sont bas\u00e9s sur la collecte des clients aupr\u00e8s des distributeurs participants. Si la livraison est n\u00e9cessaire, des frais de port peuvent \u00eatre appliqu\u00e9s &#8211; veuillez v\u00e9rifier les d\u00e9tails aupr\u00e8s du revendeur participant de votre choix.<\/div>\n<div> <\/div>\n<div><b>2 Garantie<\/b><\/div>\n<div> <\/div>\n<p>\u00ab\u00a0<strong>Produits<\/strong>\u00a0\u00bb : les produits vendus par Record Power conform\u00e9ment aux pr\u00e9sentes conditions g\u00e9n\u00e9rales ;<\/p>\n<p>\u00ab\u00a0<strong>Record Power<\/strong>\u00a0\u00bb est Record Power Limited, dont le num\u00e9ro d&rsquo;immatriculation est 4804158 et l&rsquo;adresse du si\u00e8ge social est Centenary House, 11 Midland Way, Barlborough Links, Chesterfield, Derbyshire S43 4XA, et qui vend ses produits par l&rsquo;interm\u00e9diaire d&rsquo;un r\u00e9seau de revendeurs agr\u00e9\u00e9s ;<\/p>\n<\/p>\n<p>Le \u00ab\u00a0<strong>distributeur agr\u00e9\u00e9<\/strong>\u00a0\u00bb est l&rsquo;importateur d\u00e9sign\u00e9 pour votre r\u00e9gion, qui vend g\u00e9n\u00e9ralement par l&rsquo;interm\u00e9diaire d&rsquo;un r\u00e9seau de revendeurs agr\u00e9\u00e9s. Les coordonn\u00e9es des distributeurs agr\u00e9\u00e9s pour des pays sp\u00e9cifiques figurent dans le manuel du produit ou sur le site www.recordpower.info ;<\/p>\n<p>Le \u00ab\u00a0<strong>revendeur agr\u00e9\u00e9<\/strong>\u00a0\u00bb est un d\u00e9taillant ou une entreprise autoris\u00e9e \u00e0 vendre des produits Record Power \u00e0 des utilisateurs finaux.<\/p>\n<p><strong>1 Garantie<\/strong><\/p>\n<p>1.1 Record Power garantit que, pendant une p\u00e9riode de 5 ans \u00e0 compter de la date d&rsquo;achat, les composants des produits \u00e9ligibles (voir les clauses 1.2.1 \u00e0 1.2.9) seront exempts de d\u00e9fauts caus\u00e9s par une construction ou une fabrication d\u00e9fectueuse.<\/p>\n<p>1.2 Pendant cette p\u00e9riode, Record Power, son distributeur agr\u00e9\u00e9 ou son revendeur agr\u00e9\u00e9 r\u00e9parera ou remplacera gratuitement toutes les pi\u00e8ces dont il est prouv\u00e9 qu&rsquo;elles sont d\u00e9fectueuses conform\u00e9ment aux dispositions du paragraphe 1.1 ci-dessus, \u00e0 condition que<\/p>\n<p>1.2.1 vous suivez la proc\u00e9dure de r\u00e9clamation d\u00e9crite dans la clause 2 ci-dessous ;<\/p>\n<p>1.2.2 Record Power, notre distributeur agr\u00e9\u00e9 ou notre revendeur agr\u00e9\u00e9 se voient accorder une possibilit\u00e9 raisonnable d&rsquo;examiner le produit apr\u00e8s avoir re\u00e7u la notification de la r\u00e9clamation ;<\/p>\n<p>1.2.3 si Record Power, son distributeur agr\u00e9\u00e9 ou son revendeur agr\u00e9\u00e9 vous le demande, vous retournez le produit, \u00e0 vos frais, dans les locaux de Record Power ou dans d&rsquo;autres locaux agr\u00e9\u00e9s tels que ceux du distributeur agr\u00e9\u00e9 ou du revendeur agr\u00e9\u00e9 fournisseur, pour que l&rsquo;examen ait lieu ;<\/p>\n<p>1.2.4 le d\u00e9faut en question n&rsquo;est pas d\u00fb \u00e0 un usage industriel, \u00e0 un dommage accidentel, \u00e0 une usure normale, \u00e0 un dommage volontaire, \u00e0 une n\u00e9gligence, \u00e0 une connexion \u00e9lectrique incorrecte, \u00e0 des conditions de travail anormales, au non-respect de nos instructions, \u00e0 une mauvaise utilisation, ou \u00e0 une modification ou r\u00e9paration du produit sans notre approbation ;<\/p>\n<p>1.2.5 le produit a \u00e9t\u00e9 utilis\u00e9 dans un environnement domestique uniquement ;<\/p>\n<p>1.2.6 le d\u00e9faut ne concerne pas les produits consommables tels que les lames, les roulements, les courroies d&rsquo;entra\u00eenement ou d&rsquo;autres pi\u00e8ces d&rsquo;usure dont on peut raisonnablement s&rsquo;attendre \u00e0 ce qu&rsquo;elles s&rsquo;usent \u00e0 des taux diff\u00e9rents selon l&rsquo;utilisation (pour plus de d\u00e9tails, contactez Record Power ou votre distributeur agr\u00e9\u00e9 local) ;<\/p>\n<p>1.2.7 le produit n&rsquo;a pas \u00e9t\u00e9 utilis\u00e9 \u00e0 des fins de location, par vous ou par un propri\u00e9taire pr\u00e9c\u00e9dent ;<\/p>\n<p>1.2.8 le produit a \u00e9t\u00e9 achet\u00e9 par vous, la garantie n&rsquo;\u00e9tant pas transf\u00e9rable dans le cadre d&rsquo;une vente priv\u00e9e.  <\/p>\n<p>1.2.9 Lorsque le produit a \u00e9t\u00e9 achet\u00e9 aupr\u00e8s d&rsquo;un d\u00e9taillant, la garantie de 5 ans est transf\u00e9rable et commence \u00e0 la date du premier achat du produit et, en cas de r\u00e9clamation au titre de cette garantie, la preuve de la date d&rsquo;achat initiale sera exig\u00e9e pour valider la p\u00e9riode de garantie.<\/p>\n<p><strong>2 Proc\u00e9dure de r\u00e9clamation<\/strong><\/p>\n<p>2.1 En premier lieu, veuillez contacter le revendeur agr\u00e9\u00e9 qui vous a fourni le produit. D&rsquo;apr\u00e8s notre exp\u00e9rience, de nombreux probl\u00e8mes initiaux avec les machines, que l&rsquo;on pense dus \u00e0 des pi\u00e8ces d\u00e9fectueuses, sont en fait r\u00e9solus par un r\u00e9glage ou une mise au point correcte des machines. Un bon concessionnaire agr\u00e9\u00e9 devrait \u00eatre en mesure de r\u00e9soudre la majorit\u00e9 de ces probl\u00e8mes beaucoup plus rapidement que de traiter une r\u00e9clamation au titre de la garantie.<\/p>\n<p>2.2 Tout dommage subi par le produit et susceptible de donner lieu \u00e0 une r\u00e9clamation au titre de la garantie doit \u00eatre signal\u00e9 au revendeur agr\u00e9\u00e9 aupr\u00e8s duquel il a \u00e9t\u00e9 achet\u00e9 dans les 48 heures suivant sa r\u00e9ception.<\/p>\n<p>2.3 Si le revendeur agr\u00e9\u00e9 qui vous a fourni le produit n&rsquo;a pas \u00e9t\u00e9 en mesure de r\u00e9pondre \u00e0 votre demande, toute r\u00e9clamation au titre de la pr\u00e9sente garantie doit \u00eatre adress\u00e9e directement \u00e0 Record Power ou \u00e0 son distributeur agr\u00e9\u00e9 (pour obtenir les coordonn\u00e9es du distributeur agr\u00e9\u00e9 dans votre pays, veuillez consulter le manuel de votre produit ou v\u00e9rifier les informations suivantes  <a href=\"https:\/\/www.recordpower.co.uk\/\" target=\"_blank\" rel=\"noopener\">www.recordpower.info<\/a> pour plus de d\u00e9tails). La r\u00e9clamation proprement dite doit \u00eatre faite dans une lettre indiquant la date et le lieu d&rsquo;achat et expliquant bri\u00e8vement le probl\u00e8me \u00e0 l&rsquo;origine de la r\u00e9clamation. Cette lettre doit ensuite \u00eatre envoy\u00e9e avec la preuve de la date d&rsquo;achat (de pr\u00e9f\u00e9rence un re\u00e7u) \u00e0 Record Power ou \u00e0 son distributeur agr\u00e9\u00e9. Si vous indiquez un num\u00e9ro de t\u00e9l\u00e9phone ou une adresse \u00e9lectronique, cela permettra d&rsquo;acc\u00e9l\u00e9rer le traitement de votre demande.<\/p>\n<p>2.4 Veuillez noter qu&rsquo;il est essentiel que la lettre de r\u00e9clamation parvienne \u00e0 Record Power ou \u00e0 son distributeur agr\u00e9\u00e9 au plus tard le dernier jour de la pr\u00e9sente garantie. Les demandes tardives ne seront pas prises en compte.<\/p>\n<p><strong>3 Limitation de la responsabilit\u00e9<\/strong><\/p>\n<p>3.1 Nous ne fournissons des produits que pour un usage domestique et priv\u00e9. Vous acceptez de ne pas utiliser le produit \u00e0 des fins commerciales, d&rsquo;affaires ou de revente et nous n&rsquo;avons aucune responsabilit\u00e9 envers vous pour toute perte de profit, perte d&rsquo;affaires, interruption d&rsquo;affaires ou perte d&rsquo;opportunit\u00e9 d&rsquo;affaires.<\/p>\n<p>3.2 La pr\u00e9sente garantie ne conf\u00e8re aucun droit autre que ceux express\u00e9ment \u00e9nonc\u00e9s ci-dessus et ne couvre aucune r\u00e9clamation pour perte ou dommage indirect. Cette garantie est offerte \u00e0 titre d&rsquo;avantage suppl\u00e9mentaire et n&rsquo;affecte pas vos droits statutaires en tant que consommateur.<\/p>\n<p><strong>4 Avis<\/strong><\/p>\n<p>Cette garantie s&rsquo;applique \u00e0 tous les produits achet\u00e9s aupr\u00e8s d&rsquo;un revendeur agr\u00e9\u00e9 de Record Power au Royaume-Uni de Grande-Bretagne et d&rsquo;Irlande du Nord. Les conditions de garantie peuvent varier dans d&rsquo;autres pays &#8211; veuillez v\u00e9rifier aupr\u00e8s du distributeur agr\u00e9\u00e9 de votre pays (les coordonn\u00e9es du distributeur agr\u00e9\u00e9 de votre pays se trouvent dans le manuel ou sur le site www.recordpower info).<\/p>\n\t\t\t\t\t\t<\/div>\n\t\t\t\t<\/div>\n\t\t\t\t\t<\/div>\n\t\t\t\t<\/div>\n\t\t\t\t<\/div>\n\t\t","protected":false},"excerpt":{"rendered":"<p>Conditions g\u00e9n\u00e9rales d&rsquo;utilisation 1 Conditions g\u00e9n\u00e9rales d&rsquo;utilisation1.1 Les images et les sp\u00e9cifications cit\u00e9es sur ce site web ne sont pas contraignantes dans le d\u00e9tail. Nous nous r\u00e9servons le droit de modifier les sp\u00e9cifications sans pr\u00e9avis. E&amp;OE. 1.2 Record Power fournit ses produits par l&rsquo;interm\u00e9diaire d&rsquo;un r\u00e9seau national de revendeurs et de distributeurs agr\u00e9\u00e9s et votre [&hellip;]<\/p>\n","protected":false},"author":1,"featured_media":0,"parent":0,"menu_order":0,"comment_status":"closed","ping_status":"closed","template":"","meta":{"_acf_changed":false,"_monsterinsights_skip_tracking":false,"_monsterinsights_sitenote_active":false,"_monsterinsights_sitenote_note":"","_monsterinsights_sitenote_category":0,"footnotes":""},"class_list":["post-2288","page","type-page","status-publish","hentry"],"acf":[],"_links":{"self":[{"href":"https:\/\/sabre300.recordpower.com\/fr\/wp-json\/wp\/v2\/pages\/2288","targetHints":{"allow":["GET"]}}],"collection":[{"href":"https:\/\/sabre300.recordpower.com\/fr\/wp-json\/wp\/v2\/pages"}],"about":[{"href":"https:\/\/sabre300.recordpower.com\/fr\/wp-json\/wp\/v2\/types\/page"}],"author":[{"embeddable":true,"href":"https:\/\/sabre300.recordpower.com\/fr\/wp-json\/wp\/v2\/users\/1"}],"replies":[{"embeddable":true,"href":"https:\/\/sabre300.recordpower.com\/fr\/wp-json\/wp\/v2\/comments?post=2288"}],"version-history":[{"count":1,"href":"https:\/\/sabre300.recordpower.com\/fr\/wp-json\/wp\/v2\/pages\/2288\/revisions"}],"predecessor-version":[{"id":2289,"href":"https:\/\/sabre300.recordpower.com\/fr\/wp-json\/wp\/v2\/pages\/2288\/revisions\/2289"}],"wp:attachment":[{"href":"https:\/\/sabre300.recordpower.com\/fr\/wp-json\/wp\/v2\/media?parent=2288"}],"curies":[{"name":"wp","href":"https:\/\/api.w.org\/{rel}","templated":true}]}}