{"id":2284,"date":"2024-03-20T16:01:57","date_gmt":"2024-03-20T16:01:57","guid":{"rendered":"https:\/\/sabre300.recordpower.com\/politique-en-matiere-de-cookies\/"},"modified":"2024-04-09T12:44:11","modified_gmt":"2024-04-09T12:44:11","slug":"politique-en-matiere-de-cookies","status":"publish","type":"page","link":"https:\/\/sabre300.recordpower.com\/fr\/politique-en-matiere-de-cookies\/","title":{"rendered":"Politique en mati\u00e8re de cookies"},"content":{"rendered":"\t\t<div data-elementor-type=\"wp-page\" data-elementor-id=\"2284\" class=\"elementor elementor-2284 elementor-1406\">\n\t\t\t\t<div class=\"elementor-element elementor-element-174bbaa e-flex e-con-boxed wpr-particle-no wpr-jarallax-no wpr-parallax-no wpr-sticky-section-no e-con e-parent\" data-id=\"174bbaa\" data-element_type=\"container\" data-settings=\"{&quot;background_background&quot;:&quot;classic&quot;}\">\n\t\t\t\t\t<div class=\"e-con-inner\">\n\t\t\t\t<div class=\"elementor-element elementor-element-d6b0d28 elementor-widget elementor-widget-heading\" data-id=\"d6b0d28\" data-element_type=\"widget\" data-widget_type=\"heading.default\">\n\t\t\t\t<div class=\"elementor-widget-container\">\n\t\t\t<style>\/*! elementor - v3.21.0 - 18-04-2024 *\/\n.elementor-heading-title{padding:0;margin:0;line-height:1}.elementor-widget-heading .elementor-heading-title[class*=elementor-size-]>a{color:inherit;font-size:inherit;line-height:inherit}.elementor-widget-heading .elementor-heading-title.elementor-size-small{font-size:15px}.elementor-widget-heading .elementor-heading-title.elementor-size-medium{font-size:19px}.elementor-widget-heading .elementor-heading-title.elementor-size-large{font-size:29px}.elementor-widget-heading .elementor-heading-title.elementor-size-xl{font-size:39px}.elementor-widget-heading .elementor-heading-title.elementor-size-xxl{font-size:59px}<\/style><h1 class=\"elementor-heading-title elementor-size-default\">Politique en mati\u00e8re de cookies<\/h1>\t\t<\/div>\n\t\t\t\t<\/div>\n\t\t\t\t\t<\/div>\n\t\t\t\t<\/div>\n\t\t<div class=\"elementor-element elementor-element-29c22af7 e-flex e-con-boxed wpr-particle-no wpr-jarallax-no wpr-parallax-no wpr-sticky-section-no e-con e-parent\" data-id=\"29c22af7\" data-element_type=\"container\">\n\t\t\t\t\t<div class=\"e-con-inner\">\n\t\t\t\t<div class=\"elementor-element elementor-element-2bfcafbd elementor-widget elementor-widget-text-editor\" data-id=\"2bfcafbd\" data-element_type=\"widget\" data-widget_type=\"text-editor.default\">\n\t\t\t\t<div class=\"elementor-widget-container\">\n\t\t\t<style>\/*! elementor - v3.21.0 - 18-04-2024 *\/\n.elementor-widget-text-editor.elementor-drop-cap-view-stacked .elementor-drop-cap{background-color:#69727d;color:#fff}.elementor-widget-text-editor.elementor-drop-cap-view-framed .elementor-drop-cap{color:#69727d;border:3px solid;background-color:transparent}.elementor-widget-text-editor:not(.elementor-drop-cap-view-default) .elementor-drop-cap{margin-top:8px}.elementor-widget-text-editor:not(.elementor-drop-cap-view-default) .elementor-drop-cap-letter{width:1em;height:1em}.elementor-widget-text-editor .elementor-drop-cap{float:left;text-align:center;line-height:1;font-size:50px}.elementor-widget-text-editor .elementor-drop-cap-letter{display:inline-block}<\/style>\t\t\t\t<h3><strong>Consentement<\/strong><\/h3>\n<p>En <em>continuant \u00e0 visiter ce site web<\/em>: Record Power Ltd et parce que les param\u00e8tres de votre navigateur permettent l&rsquo;utilisation de cookies, vous consentez \u00e0 l&rsquo;utilisation de cookies conform\u00e9ment \u00e0 la pr\u00e9sente politique en mati\u00e8re de cookies. Vous aurez vu une fen\u00eatre contextuelle \u00e0 cet effet lors de votre premi\u00e8re visite sur notre site. Bien que la fen\u00eatre contextuelle n&rsquo;apparaisse g\u00e9n\u00e9ralement pas lors des visites suivantes, vous pouvez retirer votre consentement \u00e0 tout moment en suivant les instructions ci-dessous.<\/p>\n<h3><strong>Qu&rsquo;est-ce qu&rsquo;un biscuit ?<\/strong><\/h3>\n<p>Les cookies sont des fichiers texte contenant de petites quantit\u00e9s d&rsquo;informations qui sont t\u00e9l\u00e9charg\u00e9s sur votre ordinateur ou votre appareil lorsque vous visitez un site web. Les cookies sont ensuite renvoy\u00e9s au domaine web d&rsquo;origine lors de vos visites ult\u00e9rieures sur ce domaine.<\/p>\n<p>Les cookies sont utiles car ils permettent \u00e0 un site web de reconna\u00eetre l&rsquo;appareil d&rsquo;un utilisateur. Les cookies vous permettent de naviguer efficacement entre les pages, de m\u00e9moriser vos pr\u00e9f\u00e9rences et, d&rsquo;une mani\u00e8re g\u00e9n\u00e9rale, d&rsquo;am\u00e9liorer l&rsquo;exp\u00e9rience de l&rsquo;utilisateur. Ils peuvent \u00e9galement \u00eatre utilis\u00e9s pour adapter la publicit\u00e9 \u00e0 vos int\u00e9r\u00eats en suivant votre navigation sur les sites web.<\/p>\n<p>Les cookies de session sont supprim\u00e9s automatiquement lorsque vous fermez votre navigateur et les cookies persistants restent sur votre appareil apr\u00e8s la fermeture du navigateur (par exemple pour se souvenir de vos pr\u00e9f\u00e9rences d&rsquo;utilisateur lorsque vous revenez sur le site).<\/p>\n<h3><strong>D\u00e9sactiver les cookies<\/strong><\/h3>\n<p>Les cookies peuvent \u00eatre d\u00e9sactiv\u00e9s en suivant les instructions pour votre navigateur indiqu\u00e9es ici. Cependant, certaines parties de notre site peuvent perdre leur fonctionnalit\u00e9 si les cookies sont d\u00e9sactiv\u00e9s. Nous \u00e9num\u00e9rons les noms des cookies eux-m\u00eames et leur source \u00e0 la date du pr\u00e9sent document afin que vous puissiez les identifier facilement.<\/p>\n<p><strong>Cookies de performance<\/strong> Nous utilisons des cookies analytiques pour analyser la mani\u00e8re dont le site web de <strong>Record Power Ltd <\/strong>est utilis\u00e9 et pour contr\u00f4ler les performances du site web. Cela nous permet de fournir une exp\u00e9rience de haute qualit\u00e9 en personnalisant notre offre et en identifiant et en r\u00e9solvant rapidement tout probl\u00e8me qui pourrait survenir. Par exemple, nous pouvons utiliser des cookies de performance pour : d\u00e9terminer le nombre de visiteurs uniques. Les informations collect\u00e9es par ces cookies ne sont pas associ\u00e9es \u00e0 vos donn\u00e9es personnelles par nous ou par nos sous-traitants.<\/p>\n<h3><strong>Cookies de fonctionnalit\u00e9 du site web<\/strong><\/h3>\n<p>Nous utilisons des cookies pour vous offrir certaines fonctionnalit\u00e9s. Par exemple, pour m\u00e9moriser les choix que vous faites (comme votre nom d&rsquo;utilisateur, votre langue ou la r\u00e9gion dans laquelle vous vous trouvez), ou pour reconna\u00eetre la plateforme \u00e0 partir de laquelle vous acc\u00e9dez au site, et pour fournir des fonctionnalit\u00e9s am\u00e9lior\u00e9es et plus personnelles. Ces cookies ne sont pas utilis\u00e9s pour suivre votre navigation sur d&rsquo;autres sites.<\/p>\n<h3><strong>Cookies de ciblage<\/strong><\/h3>\n<p>Les cookies de ciblage (ou cookies publicitaires) recueillent des informations sur vos habitudes de navigation et sont utilis\u00e9s pour rendre la publicit\u00e9 plus pertinente pour vous et vos int\u00e9r\u00eats. Ils sont utilis\u00e9s par des services fournis par des tiers, tels que les boutons \u00ab\u00a0J&rsquo;aime\u00a0\u00bb ou \u00ab\u00a0Partager\u00a0\u00bb. Les tiers fournissent ces services en \u00e9change de la reconnaissance de votre visite sur notre site web. Lorsque vous utilisez des boutons, par exemple les boutons de partage de LinkedIn ou de Twitter, vous \u00eates dirig\u00e9 vers une page contr\u00f4l\u00e9e par ces soci\u00e9t\u00e9s qui peuvent placer des cookies (y compris des cookies de ciblage) et qui sont soumises aux politiques de LinkedIn ou de Twitter en mati\u00e8re de cookies et de protection de la vie priv\u00e9e.<\/p>\n<p><strong>Utilisation des adresses IP et des journaux web<\/strong> Nous pouvons \u00e9galement utiliser l&rsquo;adresse IP et le type de navigateur d&rsquo;un consommateur pour aider \u00e0 diagnostiquer des probl\u00e8mes avec notre serveur, pour administrer les services de <strong>Record Power Ltd <\/strong>et pour am\u00e9liorer leur fonctionnalit\u00e9. Une adresse IP est un code num\u00e9rique qui identifie l&rsquo;ordinateur d&rsquo;un consommateur sur l&rsquo;internet. L&rsquo;adresse IP d&rsquo;un consommateur peut \u00e9galement \u00eatre utilis\u00e9e pour recueillir des informations d\u00e9mographiques g\u00e9n\u00e9rales. Nous pouvons effectuer des recherches IP pour d\u00e9terminer le domaine d&rsquo;o\u00f9 provient un consommateur (par exemple google.com) afin d&rsquo;\u00e9valuer avec plus de pr\u00e9cision les caract\u00e9ristiques d\u00e9mographiques de nos utilisateurs. Les informations provenant de ces types de cookies et de technologies ne sont pas combin\u00e9es avec des informations sur le consommateur provenant d&rsquo;une autre source et ne permettent pas d&rsquo;identifier personnellement le consommateur.<\/p>\n<p><strong>Modifications de la politique en mati\u00e8re de cookies<\/strong> Nous pouvons mettre \u00e0 jour ce document de temps \u00e0 autre et nous vous encourageons \u00e0 le consulter r\u00e9guli\u00e8rement pour rester inform\u00e9 de la mani\u00e8re dont nous utilisons les cookies. Cette politique en mati\u00e8re de cookies a \u00e9t\u00e9 mise \u00e0 jour pour la derni\u00e8re fois le 23 janvier 2022.<\/p>\n\t\t\t\t\t\t<\/div>\n\t\t\t\t<\/div>\n\t\t\t\t\t<\/div>\n\t\t\t\t<\/div>\n\t\t\t\t<\/div>\n\t\t","protected":false},"excerpt":{"rendered":"<p>Politique en mati\u00e8re de cookies Consentement En continuant \u00e0 visiter ce site web: Record Power Ltd et parce que les param\u00e8tres de votre navigateur permettent l&rsquo;utilisation de cookies, vous consentez \u00e0 l&rsquo;utilisation de cookies conform\u00e9ment \u00e0 la pr\u00e9sente politique en mati\u00e8re de cookies. Vous aurez vu une fen\u00eatre contextuelle \u00e0 cet effet lors de votre [&hellip;]<\/p>\n","protected":false},"author":1,"featured_media":0,"parent":0,"menu_order":0,"comment_status":"closed","ping_status":"closed","template":"","meta":{"_acf_changed":false,"_monsterinsights_skip_tracking":false,"_monsterinsights_sitenote_active":false,"_monsterinsights_sitenote_note":"","_monsterinsights_sitenote_category":0,"footnotes":""},"class_list":["post-2284","page","type-page","status-publish","hentry"],"acf":[],"_links":{"self":[{"href":"https:\/\/sabre300.recordpower.com\/fr\/wp-json\/wp\/v2\/pages\/2284","targetHints":{"allow":["GET"]}}],"collection":[{"href":"https:\/\/sabre300.recordpower.com\/fr\/wp-json\/wp\/v2\/pages"}],"about":[{"href":"https:\/\/sabre300.recordpower.com\/fr\/wp-json\/wp\/v2\/types\/page"}],"author":[{"embeddable":true,"href":"https:\/\/sabre300.recordpower.com\/fr\/wp-json\/wp\/v2\/users\/1"}],"replies":[{"embeddable":true,"href":"https:\/\/sabre300.recordpower.com\/fr\/wp-json\/wp\/v2\/comments?post=2284"}],"version-history":[{"count":1,"href":"https:\/\/sabre300.recordpower.com\/fr\/wp-json\/wp\/v2\/pages\/2284\/revisions"}],"predecessor-version":[{"id":2285,"href":"https:\/\/sabre300.recordpower.com\/fr\/wp-json\/wp\/v2\/pages\/2284\/revisions\/2285"}],"wp:attachment":[{"href":"https:\/\/sabre300.recordpower.com\/fr\/wp-json\/wp\/v2\/media?parent=2284"}],"curies":[{"name":"wp","href":"https:\/\/api.w.org\/{rel}","templated":true}]}}