{"id":2131,"date":"2024-01-18T10:51:06","date_gmt":"2024-01-18T10:51:06","guid":{"rendered":"https:\/\/sabre300.recordpower.com\/politique-de-confidentialite\/"},"modified":"2024-04-08T11:00:30","modified_gmt":"2024-04-08T11:00:30","slug":"politique-de-confidentialite","status":"publish","type":"page","link":"https:\/\/sabre300.recordpower.com\/fr\/politique-de-confidentialite\/","title":{"rendered":"Politique de confidentialit\u00e9"},"content":{"rendered":"\t\t<div data-elementor-type=\"wp-page\" data-elementor-id=\"2131\" class=\"elementor elementor-2131 elementor-3\">\n\t\t\t\t<div class=\"elementor-element elementor-element-174bbaa e-flex e-con-boxed wpr-particle-no wpr-jarallax-no wpr-parallax-no wpr-sticky-section-no e-con e-parent\" data-id=\"174bbaa\" data-element_type=\"container\" data-settings=\"{&quot;background_background&quot;:&quot;classic&quot;}\">\n\t\t\t\t\t<div class=\"e-con-inner\">\n\t\t\t\t<div class=\"elementor-element elementor-element-d6b0d28 elementor-widget elementor-widget-heading\" data-id=\"d6b0d28\" data-element_type=\"widget\" data-widget_type=\"heading.default\">\n\t\t\t\t<div class=\"elementor-widget-container\">\n\t\t\t<style>\/*! elementor - v3.21.0 - 18-04-2024 *\/\n.elementor-heading-title{padding:0;margin:0;line-height:1}.elementor-widget-heading .elementor-heading-title[class*=elementor-size-]>a{color:inherit;font-size:inherit;line-height:inherit}.elementor-widget-heading .elementor-heading-title.elementor-size-small{font-size:15px}.elementor-widget-heading .elementor-heading-title.elementor-size-medium{font-size:19px}.elementor-widget-heading .elementor-heading-title.elementor-size-large{font-size:29px}.elementor-widget-heading .elementor-heading-title.elementor-size-xl{font-size:39px}.elementor-widget-heading .elementor-heading-title.elementor-size-xxl{font-size:59px}<\/style><h1 class=\"elementor-heading-title elementor-size-default\">Politique de confidentialit\u00e9<\/h1>\t\t<\/div>\n\t\t\t\t<\/div>\n\t\t\t\t\t<\/div>\n\t\t\t\t<\/div>\n\t\t<div class=\"elementor-element elementor-element-29c22af7 e-flex e-con-boxed wpr-particle-no wpr-jarallax-no wpr-parallax-no wpr-sticky-section-no e-con e-parent\" data-id=\"29c22af7\" data-element_type=\"container\">\n\t\t\t\t\t<div class=\"e-con-inner\">\n\t\t\t\t<div class=\"elementor-element elementor-element-2bfcafbd elementor-widget elementor-widget-text-editor\" data-id=\"2bfcafbd\" data-element_type=\"widget\" data-widget_type=\"text-editor.default\">\n\t\t\t\t<div class=\"elementor-widget-container\">\n\t\t\t<style>\/*! elementor - v3.21.0 - 18-04-2024 *\/\n.elementor-widget-text-editor.elementor-drop-cap-view-stacked .elementor-drop-cap{background-color:#69727d;color:#fff}.elementor-widget-text-editor.elementor-drop-cap-view-framed .elementor-drop-cap{color:#69727d;border:3px solid;background-color:transparent}.elementor-widget-text-editor:not(.elementor-drop-cap-view-default) .elementor-drop-cap{margin-top:8px}.elementor-widget-text-editor:not(.elementor-drop-cap-view-default) .elementor-drop-cap-letter{width:1em;height:1em}.elementor-widget-text-editor .elementor-drop-cap{float:left;text-align:center;line-height:1;font-size:50px}.elementor-widget-text-editor .elementor-drop-cap-letter{display:inline-block}<\/style>\t\t\t\t<div><strong>D\u00e9claration de confidentialit\u00e9 :<\/strong><\/div>\n<div>Record Power Ltd s&rsquo;engage \u00e0 ce que toutes les informations personnelles que vous nous envoyez restent totalement confidentielles. Nous respectons la n\u00e9cessit\u00e9 de prot\u00e9ger votre vie priv\u00e9e et vos informations et nous nous engageons \u00e0.. :<\/div>\n<div> <\/div>\n<div>&#8211; Nous assurons la s\u00e9curit\u00e9 de vos informations personnelles et ne les utilisons qu&rsquo;aux fins d\u00e9crites ci-dessous.<\/div>\n<div>&#8211; Ne jamais vendre vos informations personnelles.<\/div>\n<div>&#8211; vous permettre de g\u00e9rer et de revoir \u00e0 tout moment vos pr\u00e9f\u00e9rences en mati\u00e8re de contact marketing et les informations que nous conservons \u00e0 votre sujet.<\/div>\n<div> <\/div>\n<div><strong>Collecte et utilisation des donn\u00e9es :<\/strong><\/div>\n<div>Les informations que nous recueillons aupr\u00e8s de vous seront utilis\u00e9es pour ex\u00e9cuter les commandes, respecter les obligations contractuelles et vous offrir une exp\u00e9rience client de qualit\u00e9.<\/div>\n<div>Lorsque vous passez une commande ou que vous renvoyez un produit \u00e0 Record Power Ltd, nous recueillons des informations :<\/div>\n<div> <\/div>\n<div>&#8211; Nom<\/div>\n<div>&#8211; Adresse de la facture<\/div>\n<div>&#8211; Adresse de livraison<\/div>\n<div>&#8211; Num\u00e9ro de t\u00e9l\u00e9phone du contact<\/div>\n<div>&#8211; Adresse \u00e9lectronique<\/div>\n<div>&#8211; Preuve d&rsquo;achat et motif du retour<\/div>\n<div>&#8211; Coordonn\u00e9es de la carte de cr\u00e9dit<\/div>\n<div> <\/div>\n<div>Nous traiterons ces informations sur la base d&rsquo;obligations contractuelles &#8211; nous en avons besoin pour traiter votre commande ou votre retour et nous pouvons vous contacter par courrier \u00e9lectronique ou par t\u00e9l\u00e9phone pour communiquer avec vous au sujet de votre commande ou de votre retour ou pour v\u00e9rifier l&rsquo;exactitude des informations d\u00e9tenues. Nous pouvons \u00e9galement les traiter sur la base de l&rsquo;int\u00e9r\u00eat l\u00e9gitime en vous contactant au sujet d&rsquo;autres produits ou informations susceptibles d&rsquo;\u00eatre pertinents pour la transaction ou le domaine d&rsquo;int\u00e9r\u00eat. Vous pouvez nous informer \u00e0 tout moment que vous ne souhaitez pas \u00eatre contact\u00e9 \u00e0 cette fin.<\/div>\n<div> <\/div>\n<div>Lorsque vous vous inscrivez sur notre site web, nous collectons des donn\u00e9es :<\/div>\n<div> <\/div>\n<div>&#8211; Nom<\/div>\n<div>&#8211; Adresse \u00e9lectronique<\/div>\n<div>&#8211; Adresse<\/div>\n<div>&#8211; Num\u00e9ro de t\u00e9l\u00e9phone<\/div>\n<div>&#8211; Informations sur le produit  <\/div>\n<div>&#8211; Informations sur les distributeurs pr\u00e9f\u00e9r\u00e9s<\/div>\n<div> <\/div>\n<div>Nous traiterons ces informations sur la base de l&rsquo;int\u00e9r\u00eat l\u00e9gitime en vous contactant pour vous informer des offres sp\u00e9ciales, des \u00e9v\u00e9nements \u00e0 venir et d&rsquo;autres informations susceptibles de vous int\u00e9resser. Nous pouvons occasionnellement vous contacter pour v\u00e9rifier que vos donn\u00e9es sont exactes et \u00e0 jour. Vous pouvez nous informer \u00e0 tout moment que vous ne souhaitez pas \u00eatre contact\u00e9 \u00e0 cette fin.<\/div>\n<div> <\/div>\n<div>Lorsque vous communiquez directement avec nous par d&rsquo;autres moyens (lettre, t\u00e9l\u00e9phone, courrier \u00e9lectronique ou autre correspondance en ligne), nous recueillons les informations suivantes :<\/div>\n<div> <\/div>\n<div>&#8211; Nom<\/div>\n<div>&#8211; Adresse \u00e9lectronique<\/div>\n<div>&#8211; Adresse<\/div>\n<div>&#8211; Num\u00e9ro de t\u00e9l\u00e9phone<\/div>\n<div>&#8211; Informations sur le produit  <\/div>\n<div>&#8211; Informations sur les distributeurs pr\u00e9f\u00e9r\u00e9s<\/div>\n<div> <\/div>\n<div>Nous traiterons les informations collect\u00e9es sur la base de l&rsquo;int\u00e9r\u00eat l\u00e9gitime pour traiter et r\u00e9pondre \u00e0 votre communication. Nous pouvons \u00e9galement traiter ces informations sur la base de l&rsquo;int\u00e9r\u00eat l\u00e9gitime en vous contactant pour vous informer des offres sp\u00e9ciales, des \u00e9v\u00e9nements \u00e0 venir et d&rsquo;autres informations susceptibles de vous int\u00e9resser. Nous pouvons occasionnellement vous contacter pour v\u00e9rifier que vos donn\u00e9es sont exactes et \u00e0 jour. Vous pouvez nous informer \u00e0 tout moment que vous ne souhaitez pas \u00eatre contact\u00e9 \u00e0 cette fin.<\/div>\n<div> <\/div>\n<div><strong>Int\u00e9r\u00eat vital<\/strong><\/div>\n<div>Nous pouvons traiter vos informations et vous contacter par courrier \u00e9lectronique, par courrier postal ou par t\u00e9l\u00e9phone pour vous communiquer des informations urgentes sur la s\u00e9curit\u00e9 ou des probl\u00e8mes de garantie concernant les produits que vous poss\u00e9dez.<\/div>\n<div> <\/div>\n<div><strong>Informations sur la carte de cr\u00e9dit :<\/strong><\/div>\n<div>Pour les commandes pass\u00e9es sur notre site web, toutes les informations relatives aux cartes de cr\u00e9dit sont crypt\u00e9es \u00e0 l&rsquo;aide du protocole SSL lorsqu&rsquo;elles sont transf\u00e9r\u00e9es sur Internet \u00e0 notre prestataire de services de traitement des paiements (actuellement Kibo). Toute question relative au traitement des donn\u00e9es des cartes par notre fournisseur tiers peut \u00eatre adress\u00e9e \u00e0 info@kibocommerce.com.<\/div>\n<div>Lorsque des commandes de pi\u00e8ces d\u00e9tach\u00e9es et de consommables sont pass\u00e9es par t\u00e9l\u00e9phone, les donn\u00e9es de la carte de cr\u00e9dit sont conserv\u00e9es en toute s\u00e9curit\u00e9 jusqu&rsquo;\u00e0 ce que la commande soit enti\u00e8rement satisfaite. Nous conservons suffisamment de donn\u00e9es (moins le code CVV) pour permettre les remboursements et le traitement de toute question pendant une p\u00e9riode de trois mois suppl\u00e9mentaires, apr\u00e8s quoi elles sont enti\u00e8rement d\u00e9truites. Ceci est conforme \u00e0 la r\u00e9glementation PCI actuellement en vigueur.<\/div>\n<div> <\/div>\n<div><strong>Partager vos informations :<\/strong><\/div>\n<div>Nous pouvons partager des informations avec des tiers dans le but d&rsquo;ex\u00e9cuter et de livrer votre commande ou votre retour, de traiter les r\u00e9clamations au titre de la garantie, d&rsquo;analyser les donn\u00e9es et de fournir des informations commerciales. Voici quelques exemples de tiers avec lesquels nous pouvons partager vos donn\u00e9es :<\/div>\n<div> <\/div>\n<div>&#8211; Courriers<\/div>\n<div>&#8211; Partenaires informatiques sous contrat<\/div>\n<div>&#8211; Prestataires de services de paiement tiers tels que Kibo<\/div>\n<div>&#8211; Fournisseurs de plates-formes de marketing tels que Dotmailer<\/div>\n<div>&#8211; Fournisseurs d&rsquo;analyse de donn\u00e9es<\/div>\n<div>&#8211; Auditeurs externes<\/div>\n<div>&#8211; HM Revenue &amp; Customs<\/div>\n<div>&#8211; Agences de pr\u00e9vention de la fraude<\/div>\n<div>&#8211; R\u00e9gulateurs et autres autorit\u00e9s<\/div>\n<div> <\/div>\n<div>Nous prenons des mesures pour nous assurer que les tiers qui traitent vos informations se conforment \u00e0 la l\u00e9gislation sur la protection des donn\u00e9es et prot\u00e8gent vos informations tout comme nous le faisons, et tous nos tiers n&rsquo;ont acc\u00e8s qu&rsquo;aux informations personnelles n\u00e9cessaires pour leur permettre d&rsquo;exercer leurs fonctions en notre nom.<\/div>\n<div> <\/div>\n<div><strong>Transfert de vos informations \u00e0 l&rsquo;\u00e9chelle internationale :<\/strong><\/div>\n<div>Vos donn\u00e9es personnelles ne seront pas partag\u00e9es en dehors de l&rsquo;UE. Si nous devions le faire, nous ne le ferions pas sans votre consentement explicite.<\/div>\n<div> <\/div>\n<div><strong>Pr\u00e9vention de la fraude :<\/strong><\/div>\n<div>Record Power Ltd s&rsquo;engage \u00e0 dissuader, pr\u00e9venir, d\u00e9tecter et signaler toute activit\u00e9 frauduleuse et traitera tout \u00e9v\u00e9nement de ce type avec le plus grand s\u00e9rieux et prendra les mesures qui s&rsquo;imposent.<\/div>\n<div> <\/div>\n<div><strong>Conservation des informations :<\/strong><\/div>\n<div>Nous conserverons vos informations aussi longtemps que n\u00e9cessaire par rapport \u00e0 l&rsquo;objectif pour lequel elles ont \u00e9t\u00e9 initialement collect\u00e9es\/et trait\u00e9es, bien que nous puissions conserver vos donn\u00e9es plus longtemps si cela est requis pour des raisons l\u00e9gales ou r\u00e9glementaires.<\/div>\n<div> <\/div>\n<div><strong>Profilage des clients :<\/strong><\/div>\n<div>Nous pouvons utiliser des syst\u00e8mes automatis\u00e9s pour analyser les informations personnelles dont nous disposons \u00e0 votre sujet ou au sujet de votre entreprise afin de vous placer dans des groupes de clients similaires. Cela nous permet de prendre des d\u00e9cisions rapides sur la base de ce que nous savons de vous afin de vous envoyer des informations appropri\u00e9es sur les produits, les services ou les caract\u00e9ristiques que nous pensons \u00eatre pertinents pour vous aujourd&rsquo;hui ou \u00e0 l&rsquo;avenir.<\/div>\n<div> <\/div>\n<div><strong>L&rsquo;acc\u00e8s \u00e0 vos informations et leur mise \u00e0 jour :<\/strong><\/div>\n<div>Vous disposez d&rsquo;un certain nombre de droits relatifs \u00e0 vos informations personnelles en vertu de la loi sur la protection des donn\u00e9es. En ce qui concerne la plupart des droits, nous vous demanderons des informations pour confirmer votre identit\u00e9 et, le cas \u00e9ch\u00e9ant, pour nous aider \u00e0 rechercher vos informations personnelles. Sauf dans de rares cas, nous vous r\u00e9pondrons dans les 30 jours suivant la r\u00e9ception de votre demande (y compris les documents d&rsquo;identification demand\u00e9s).<\/div>\n<div> <\/div>\n<div>Vous avez le droit de :<\/div>\n<div> <\/div>\n<div>&#8211; Demander une copie des informations que nous d\u00e9tenons \u00e0 votre sujet ;<\/div>\n<div>&#8211; Corriger et mettre \u00e0 jour vos informations ;<\/div>\n<div>&#8211; Retirer votre consentement au traitement de vos informations personnelles (lorsque nous nous appuyons sur ce consentement) ;<\/div>\n<div>&#8211; S&rsquo;opposer \u00e0 notre utilisation de vos informations (lorsque nous nous appuyons sur nos int\u00e9r\u00eats l\u00e9gitimes pour utiliser vos informations personnelles) \u00e0 condition que nous n&rsquo;ayons pas de raison l\u00e9gale de continuer \u00e0 utiliser et \u00e0 traiter les informations. Lorsque nous nous appuyons sur nos int\u00e9r\u00eats l\u00e9gitimes pour utiliser vos informations personnelles \u00e0 des fins de marketing direct, nous respectons toujours votre droit d&rsquo;opposition ;<\/div>\n<div>&#8211; Effacer vos informations (ou en restreindre l&rsquo;utilisation), \u00e0 condition que nous n&rsquo;ayons pas de raison l\u00e9gale de continuer \u00e0 utiliser et \u00e0 traiter ces informations, y compris l&rsquo;int\u00e9r\u00eat vital.<\/div>\n<div> <\/div>\n<div>Vous pouvez \u00e9galement consulter les informations personnelles que nous d\u00e9tenons \u00e0 votre sujet en vous connectant \u00e0 votre compte en ligne ou demander un format diff\u00e9rent en nous contactant \u00e0 l&rsquo;aide des coordonn\u00e9es figurant au bas de la pr\u00e9sente d\u00e9claration.<\/div>\n<div> <\/div>\n<div><strong>Liens entre ce site et d&rsquo;autres sites :<\/strong><\/div>\n<div>Notre site peut contenir des liens vers et depuis les sites web de partenaires contractuels et de stockistes et revendeurs de produits. Si vous suivez un lien vers l&rsquo;un de ces sites web, veuillez noter que ces sites sont tenus d&rsquo;avoir leur propre politique de confidentialit\u00e9 et que nous ne pouvons \u00eatre tenus responsables de ces politiques. Avant de soumettre des donn\u00e9es personnelles \u00e0 ces sites web, nous vous conseillons de vous assurer que vous \u00eates satisfait du contenu de ces politiques.<\/div>\n<div> <\/div>\n<div><strong>Changements :<\/strong><\/div>\n<div>Toute modification de notre politique de confidentialit\u00e9 sera mise \u00e0 jour sur cette page afin que vous puissiez \u00e0 tout moment consulter notre politique actuelle.  <\/div>\n<div> <\/div>\n<div><strong>Informations de contact :<\/strong><\/div>\n<div>Pour toute question relative \u00e0 la protection des donn\u00e9es, veuillez nous contacter de l&rsquo;une des mani\u00e8res suivantes :<\/div>\n<div>Par courrier \u00e9lectronique \u00e0 l&rsquo;adresse suivante : dpo@recordpower.co.uk<\/div>\n<div>Par courrier \u00e0 l&rsquo;adresse suivante Record Power Ltd, Centenary House, 11 Midland Way, Barlborough Links, Chesterfield, S43 4XA<\/div>\n<div> <\/div>\n<div>Par t\u00e9l\u00e9phone au 01246 571020<\/div>\n<div> <\/div>\n<div><strong>Comment d\u00e9poser une plainte :<\/strong><\/div>\n<div>Record Power Ltd s&rsquo;efforce en permanence d&rsquo;offrir un excellent service \u00e0 la client\u00e8le et a mis en place des mesures pour prot\u00e9ger vos donn\u00e9es, mais si vous n&rsquo;\u00eates pas satisfait de la mani\u00e8re dont nous avons utilis\u00e9 vos informations personnelles, vous pouvez nous contacter en utilisant l&rsquo;une des m\u00e9thodes indiqu\u00e9es ci-dessus.<\/div>\n<div>Vous avez \u00e9galement le droit de vous plaindre aupr\u00e8s de l&rsquo;Information Commissioner&rsquo;s Office (bureau du commissaire \u00e0 l&rsquo;information). Vous trouverez des informations sur la mani\u00e8re de le contacter sur son site web https:\/\/ico.org.uk\/.  <\/div>\t\t\t\t\t\t<\/div>\n\t\t\t\t<\/div>\n\t\t\t\t\t<\/div>\n\t\t\t\t<\/div>\n\t\t\t\t<\/div>\n\t\t","protected":false},"excerpt":{"rendered":"<p>Politique de confidentialit\u00e9 D\u00e9claration de confidentialit\u00e9 : Record Power Ltd s&rsquo;engage \u00e0 ce que toutes les informations personnelles que vous nous envoyez restent totalement confidentielles. Nous respectons la n\u00e9cessit\u00e9 de prot\u00e9ger votre vie priv\u00e9e et vos informations et nous nous engageons \u00e0.. : &#8211; Nous assurons la s\u00e9curit\u00e9 de vos informations personnelles et ne les [&hellip;]<\/p>\n","protected":false},"author":1,"featured_media":0,"parent":0,"menu_order":0,"comment_status":"closed","ping_status":"closed","template":"","meta":{"_acf_changed":false,"_monsterinsights_skip_tracking":false,"_monsterinsights_sitenote_active":false,"_monsterinsights_sitenote_note":"","_monsterinsights_sitenote_category":0,"footnotes":""},"class_list":["post-2131","page","type-page","status-publish","hentry"],"acf":[],"_links":{"self":[{"href":"https:\/\/sabre300.recordpower.com\/fr\/wp-json\/wp\/v2\/pages\/2131","targetHints":{"allow":["GET"]}}],"collection":[{"href":"https:\/\/sabre300.recordpower.com\/fr\/wp-json\/wp\/v2\/pages"}],"about":[{"href":"https:\/\/sabre300.recordpower.com\/fr\/wp-json\/wp\/v2\/types\/page"}],"author":[{"embeddable":true,"href":"https:\/\/sabre300.recordpower.com\/fr\/wp-json\/wp\/v2\/users\/1"}],"replies":[{"embeddable":true,"href":"https:\/\/sabre300.recordpower.com\/fr\/wp-json\/wp\/v2\/comments?post=2131"}],"version-history":[{"count":1,"href":"https:\/\/sabre300.recordpower.com\/fr\/wp-json\/wp\/v2\/pages\/2131\/revisions"}],"predecessor-version":[{"id":2132,"href":"https:\/\/sabre300.recordpower.com\/fr\/wp-json\/wp\/v2\/pages\/2131\/revisions\/2132"}],"wp:attachment":[{"href":"https:\/\/sabre300.recordpower.com\/fr\/wp-json\/wp\/v2\/media?parent=2131"}],"curies":[{"name":"wp","href":"https:\/\/api.w.org\/{rel}","templated":true}]}}