{"id":1294,"date":"2024-01-24T09:48:15","date_gmt":"2024-01-24T09:48:15","guid":{"rendered":"https:\/\/sabre300.recordpower.com\/trouvez-le-revendeur-le-plus-proche-de-chez-vous\/"},"modified":"2024-04-09T12:38:43","modified_gmt":"2024-04-09T12:38:43","slug":"ou-acheter","status":"publish","type":"page","link":"https:\/\/sabre300.recordpower.com\/fr\/ou-acheter\/","title":{"rendered":"O\u00f9 acheter"},"content":{"rendered":"\t\t<div data-elementor-type=\"wp-page\" data-elementor-id=\"1294\" class=\"elementor elementor-1294 elementor-323\">\n\t\t\t\t<div class=\"elementor-element elementor-element-05712e7 pg_titl e-flex e-con-boxed wpr-particle-no wpr-jarallax-no wpr-parallax-no wpr-sticky-section-no e-con e-parent\" data-id=\"05712e7\" data-element_type=\"container\" data-settings=\"{&quot;background_background&quot;:&quot;classic&quot;}\">\n\t\t\t\t\t<div class=\"e-con-inner\">\n\t\t<div class=\"elementor-element elementor-element-74fb403 e-flex e-con-boxed wpr-particle-no wpr-jarallax-no wpr-parallax-no wpr-sticky-section-no e-con e-child\" data-id=\"74fb403\" data-element_type=\"container\">\n\t\t\t\t\t<div class=\"e-con-inner\">\n\t\t\t\t<div class=\"elementor-element elementor-element-71e8c00 elementor-widget elementor-widget-heading\" data-id=\"71e8c00\" data-element_type=\"widget\" data-widget_type=\"heading.default\">\n\t\t\t\t<div class=\"elementor-widget-container\">\n\t\t\t<style>\/*! elementor - v3.21.0 - 18-04-2024 *\/\n.elementor-heading-title{padding:0;margin:0;line-height:1}.elementor-widget-heading .elementor-heading-title[class*=elementor-size-]>a{color:inherit;font-size:inherit;line-height:inherit}.elementor-widget-heading .elementor-heading-title.elementor-size-small{font-size:15px}.elementor-widget-heading .elementor-heading-title.elementor-size-medium{font-size:19px}.elementor-widget-heading .elementor-heading-title.elementor-size-large{font-size:29px}.elementor-widget-heading .elementor-heading-title.elementor-size-xl{font-size:39px}.elementor-widget-heading .elementor-heading-title.elementor-size-xxl{font-size:59px}<\/style><h1 class=\"elementor-heading-title elementor-size-default\">O\u00f9 acheter<\/h1>\t\t<\/div>\n\t\t\t\t<\/div>\n\t\t\t\t<div class=\"elementor-element elementor-element-b3b9e61 usr_lctn elementor-widget elementor-widget-shortcode\" data-id=\"b3b9e61\" data-element_type=\"widget\" data-widget_type=\"shortcode.default\">\n\t\t\t\t<div class=\"elementor-widget-container\">\n\t\t\t\t\t<div class=\"elementor-shortcode\">No stockist found in your area.<\/div>\n\t\t\t\t<\/div>\n\t\t\t\t<\/div>\n\t\t\t\t\t<\/div>\n\t\t\t\t<\/div>\n\t\t\t\t\t<\/div>\n\t\t\t\t<\/div>\n\t\t<div class=\"elementor-element elementor-element-a1ab14f e-flex e-con-boxed wpr-particle-no wpr-jarallax-no wpr-parallax-no wpr-sticky-section-no e-con e-parent\" data-id=\"a1ab14f\" data-element_type=\"container\">\n\t\t\t\t\t<div class=\"e-con-inner\">\n\t\t\t\t<div class=\"elementor-element elementor-element-195869f elementor-widget elementor-widget-shortcode\" data-id=\"195869f\" data-element_type=\"widget\" data-widget_type=\"shortcode.default\">\n\t\t\t\t<div class=\"elementor-widget-container\">\n\t\t\t\t\t<div class=\"elementor-shortcode\"><div class=\"stock_lst\"><p>No stock categories found.<\/p><\/div><\/div>\n\t\t\t\t<\/div>\n\t\t\t\t<\/div>\n\t\t\t\t\t<\/div>\n\t\t\t\t<\/div>\n\t\t<div class=\"elementor-element elementor-element-0e20a76 all_dstr elementor-hidden-desktop elementor-hidden-tablet elementor-hidden-mobile e-flex e-con-boxed wpr-particle-no wpr-jarallax-no wpr-parallax-no wpr-sticky-section-no e-con e-parent\" data-id=\"0e20a76\" data-element_type=\"container\">\n\t\t\t\t\t<div class=\"e-con-inner\">\n\t\t<div class=\"elementor-element elementor-element-df6dfae e-flex e-con-boxed wpr-particle-no wpr-jarallax-no wpr-parallax-no wpr-sticky-section-no e-con e-child\" data-id=\"df6dfae\" data-element_type=\"container\">\n\t\t\t\t\t<div class=\"e-con-inner\">\n\t\t\t\t<div class=\"elementor-element elementor-element-7f3a23c elementor-widget elementor-widget-image\" data-id=\"7f3a23c\" data-element_type=\"widget\" data-widget_type=\"image.default\">\n\t\t\t\t<div class=\"elementor-widget-container\">\n\t\t\t<style>\/*! elementor - v3.21.0 - 18-04-2024 *\/\n.elementor-widget-image{text-align:center}.elementor-widget-image a{display:inline-block}.elementor-widget-image a img[src$=\".svg\"]{width:48px}.elementor-widget-image img{vertical-align:middle;display:inline-block}<\/style>\t\t\t\t\t\t\t<figure class=\"wp-caption\">\n\t\t\t\t\t\t\t\t\t\t\t<a href=\"https:\/\/sabre300.recordpower.com\/german-stockist\/\">\n\t\t\t\t\t\t\t<img fetchpriority=\"high\" decoding=\"async\" width=\"1600\" height=\"960\" src=\"https:\/\/sabre300.recordpower.com\/wp-content\/uploads\/2024\/01\/Flag-detail-Germany-crest.webp\" class=\"attachment-full size-full wp-image-385\" alt=\"\" srcset=\"https:\/\/sabre300.recordpower.com\/wp-content\/uploads\/2024\/01\/Flag-detail-Germany-crest.webp 1600w, https:\/\/sabre300.recordpower.com\/wp-content\/uploads\/2024\/01\/Flag-detail-Germany-crest-300x180.webp 300w, https:\/\/sabre300.recordpower.com\/wp-content\/uploads\/2024\/01\/Flag-detail-Germany-crest-1024x614.webp 1024w, https:\/\/sabre300.recordpower.com\/wp-content\/uploads\/2024\/01\/Flag-detail-Germany-crest-768x461.webp 768w, https:\/\/sabre300.recordpower.com\/wp-content\/uploads\/2024\/01\/Flag-detail-Germany-crest-1536x922.webp 1536w, https:\/\/sabre300.recordpower.com\/wp-content\/uploads\/2024\/01\/Flag-detail-Germany-crest-600x360.webp 600w\" sizes=\"(max-width: 1600px) 100vw, 1600px\" \/>\t\t\t\t\t\t\t\t<\/a>\n\t\t\t\t\t\t\t\t\t\t\t<figcaption class=\"widget-image-caption wp-caption-text\">Stockiste allemand<\/figcaption>\n\t\t\t\t\t\t\t\t\t\t<\/figure>\n\t\t\t\t\t\t\t<\/div>\n\t\t\t\t<\/div>\n\t\t\t\t\t<\/div>\n\t\t\t\t<\/div>\n\t\t<div class=\"elementor-element elementor-element-5e69219 e-flex e-con-boxed wpr-particle-no wpr-jarallax-no wpr-parallax-no wpr-sticky-section-no e-con e-child\" data-id=\"5e69219\" data-element_type=\"container\">\n\t\t\t\t\t<div class=\"e-con-inner\">\n\t\t\t\t<div class=\"elementor-element elementor-element-d2eccba elementor-widget elementor-widget-image\" data-id=\"d2eccba\" data-element_type=\"widget\" data-widget_type=\"image.default\">\n\t\t\t\t<div class=\"elementor-widget-container\">\n\t\t\t\t\t\t\t\t\t\t<figure class=\"wp-caption\">\n\t\t\t\t\t\t\t\t\t\t\t<a href=\"https:\/\/sabre300.recordpower.com\/french-stockist\/\">\n\t\t\t\t\t\t\t<img decoding=\"async\" width=\"800\" height=\"534\" src=\"https:\/\/sabre300.recordpower.com\/wp-content\/uploads\/2024\/01\/Flag-France.webp\" class=\"attachment-full size-full wp-image-391\" alt=\"\" srcset=\"https:\/\/sabre300.recordpower.com\/wp-content\/uploads\/2024\/01\/Flag-France.webp 800w, https:\/\/sabre300.recordpower.com\/wp-content\/uploads\/2024\/01\/Flag-France-300x200.webp 300w, https:\/\/sabre300.recordpower.com\/wp-content\/uploads\/2024\/01\/Flag-France-768x513.webp 768w, https:\/\/sabre300.recordpower.com\/wp-content\/uploads\/2024\/01\/Flag-France-600x401.webp 600w\" sizes=\"(max-width: 800px) 100vw, 800px\" \/>\t\t\t\t\t\t\t\t<\/a>\n\t\t\t\t\t\t\t\t\t\t\t<figcaption class=\"widget-image-caption wp-caption-text\">Stockiste fran\u00e7ais<\/figcaption>\n\t\t\t\t\t\t\t\t\t\t<\/figure>\n\t\t\t\t\t\t\t<\/div>\n\t\t\t\t<\/div>\n\t\t\t\t\t<\/div>\n\t\t\t\t<\/div>\n\t\t<div class=\"elementor-element elementor-element-170e6f0 e-flex e-con-boxed wpr-particle-no wpr-jarallax-no wpr-parallax-no wpr-sticky-section-no e-con e-child\" data-id=\"170e6f0\" data-element_type=\"container\">\n\t\t\t\t\t<div class=\"e-con-inner\">\n\t\t\t\t<div class=\"elementor-element elementor-element-26a1c98 elementor-widget elementor-widget-image\" data-id=\"26a1c98\" data-element_type=\"widget\" data-widget_type=\"image.default\">\n\t\t\t\t<div class=\"elementor-widget-container\">\n\t\t\t\t\t\t\t\t\t\t<figure class=\"wp-caption\">\n\t\t\t\t\t\t\t\t\t\t\t<a href=\"https:\/\/sabre300.recordpower.com\/uk-stockist\/\">\n\t\t\t\t\t\t\t<img decoding=\"async\" width=\"409\" height=\"275\" src=\"https:\/\/sabre300.recordpower.com\/wp-content\/uploads\/2024\/01\/Union-Flag-Cross-St-Andrew-of-George.webp\" class=\"attachment-full size-full wp-image-392\" alt=\"\" srcset=\"https:\/\/sabre300.recordpower.com\/wp-content\/uploads\/2024\/01\/Union-Flag-Cross-St-Andrew-of-George.webp 409w, https:\/\/sabre300.recordpower.com\/wp-content\/uploads\/2024\/01\/Union-Flag-Cross-St-Andrew-of-George-300x202.webp 300w\" sizes=\"(max-width: 409px) 100vw, 409px\" \/>\t\t\t\t\t\t\t\t<\/a>\n\t\t\t\t\t\t\t\t\t\t\t<figcaption class=\"widget-image-caption wp-caption-text\">Stockiste au Royaume-Uni<\/figcaption>\n\t\t\t\t\t\t\t\t\t\t<\/figure>\n\t\t\t\t\t\t\t<\/div>\n\t\t\t\t<\/div>\n\t\t\t\t\t<\/div>\n\t\t\t\t<\/div>\n\t\t\t\t\t<\/div>\n\t\t\t\t<\/div>\n\t\t<div class=\"elementor-element elementor-element-91b8574 all_dstrbtrs elementor-hidden-desktop elementor-hidden-tablet elementor-hidden-mobile e-flex e-con-boxed wpr-particle-no wpr-jarallax-no wpr-parallax-no wpr-sticky-section-no e-con e-parent\" data-id=\"91b8574\" data-element_type=\"container\">\n\t\t\t\t\t<div class=\"e-con-inner\">\n\t\t\t\t<div class=\"elementor-element elementor-element-eaf6990 elementor-widget elementor-widget-image\" data-id=\"eaf6990\" data-element_type=\"widget\" data-widget_type=\"image.default\">\n\t\t\t\t<div class=\"elementor-widget-container\">\n\t\t\t\t\t\t\t\t\t\t<figure class=\"wp-caption\">\n\t\t\t\t\t\t\t\t\t\t\t<a href=\"#\">\n\t\t\t\t\t\t\t<img loading=\"lazy\" decoding=\"async\" width=\"255\" height=\"170\" src=\"https:\/\/sabre300.recordpower.com\/wp-content\/uploads\/2024\/01\/f1.jpg\" class=\"attachment-full size-full wp-image-366\" alt=\"\" \/>\t\t\t\t\t\t\t\t<\/a>\n\t\t\t\t\t\t\t\t\t\t\t<figcaption class=\"widget-image-caption wp-caption-text\">Australie<\/figcaption>\n\t\t\t\t\t\t\t\t\t\t<\/figure>\n\t\t\t\t\t\t\t<\/div>\n\t\t\t\t<\/div>\n\t\t\t\t<div class=\"elementor-element elementor-element-0a677b3 elementor-widget elementor-widget-image\" data-id=\"0a677b3\" data-element_type=\"widget\" data-widget_type=\"image.default\">\n\t\t\t\t<div class=\"elementor-widget-container\">\n\t\t\t\t\t\t\t\t\t\t<figure class=\"wp-caption\">\n\t\t\t\t\t\t\t\t\t\t\t<a href=\"#\">\n\t\t\t\t\t\t\t<img loading=\"lazy\" decoding=\"async\" width=\"1600\" height=\"1068\" src=\"https:\/\/sabre300.recordpower.com\/wp-content\/uploads\/2024\/01\/Flag-Austria.webp\" class=\"attachment-full size-full wp-image-370\" alt=\"\" srcset=\"https:\/\/sabre300.recordpower.com\/wp-content\/uploads\/2024\/01\/Flag-Austria.webp 1600w, https:\/\/sabre300.recordpower.com\/wp-content\/uploads\/2024\/01\/Flag-Austria-300x200.webp 300w, https:\/\/sabre300.recordpower.com\/wp-content\/uploads\/2024\/01\/Flag-Austria-1024x684.webp 1024w, https:\/\/sabre300.recordpower.com\/wp-content\/uploads\/2024\/01\/Flag-Austria-768x513.webp 768w, https:\/\/sabre300.recordpower.com\/wp-content\/uploads\/2024\/01\/Flag-Austria-1536x1025.webp 1536w, https:\/\/sabre300.recordpower.com\/wp-content\/uploads\/2024\/01\/Flag-Austria-600x401.webp 600w\" sizes=\"(max-width: 1600px) 100vw, 1600px\" \/>\t\t\t\t\t\t\t\t<\/a>\n\t\t\t\t\t\t\t\t\t\t\t<figcaption class=\"widget-image-caption wp-caption-text\">Autriche<\/figcaption>\n\t\t\t\t\t\t\t\t\t\t<\/figure>\n\t\t\t\t\t\t\t<\/div>\n\t\t\t\t<\/div>\n\t\t\t\t<div class=\"elementor-element elementor-element-34b6180 elementor-widget elementor-widget-image\" data-id=\"34b6180\" data-element_type=\"widget\" data-widget_type=\"image.default\">\n\t\t\t\t<div class=\"elementor-widget-container\">\n\t\t\t\t\t\t\t\t\t\t<figure class=\"wp-caption\">\n\t\t\t\t\t\t\t\t\t\t\t<a href=\"#\">\n\t\t\t\t\t\t\t<img loading=\"lazy\" decoding=\"async\" width=\"513\" height=\"357\" src=\"https:\/\/sabre300.recordpower.com\/wp-content\/uploads\/2024\/01\/belgium-flag-icon.webp\" class=\"attachment-full size-full wp-image-373\" alt=\"\" srcset=\"https:\/\/sabre300.recordpower.com\/wp-content\/uploads\/2024\/01\/belgium-flag-icon.webp 513w, https:\/\/sabre300.recordpower.com\/wp-content\/uploads\/2024\/01\/belgium-flag-icon-300x209.webp 300w\" sizes=\"(max-width: 513px) 100vw, 513px\" \/>\t\t\t\t\t\t\t\t<\/a>\n\t\t\t\t\t\t\t\t\t\t\t<figcaption class=\"widget-image-caption wp-caption-text\">Belgique<\/figcaption>\n\t\t\t\t\t\t\t\t\t\t<\/figure>\n\t\t\t\t\t\t\t<\/div>\n\t\t\t\t<\/div>\n\t\t\t\t<div class=\"elementor-element elementor-element-2ec9422 elementor-widget elementor-widget-image\" data-id=\"2ec9422\" data-element_type=\"widget\" data-widget_type=\"image.default\">\n\t\t\t\t<div class=\"elementor-widget-container\">\n\t\t\t\t\t\t\t\t\t\t<figure class=\"wp-caption\">\n\t\t\t\t\t\t\t\t\t\t\t<a href=\"#\">\n\t\t\t\t\t\t\t<img loading=\"lazy\" decoding=\"async\" width=\"306\" height=\"165\" src=\"https:\/\/sabre300.recordpower.com\/wp-content\/uploads\/2024\/01\/canada.png\" class=\"attachment-full size-full wp-image-374\" alt=\"\" srcset=\"https:\/\/sabre300.recordpower.com\/wp-content\/uploads\/2024\/01\/canada.png 306w, https:\/\/sabre300.recordpower.com\/wp-content\/uploads\/2024\/01\/canada-300x162.png 300w\" sizes=\"(max-width: 306px) 100vw, 306px\" \/>\t\t\t\t\t\t\t\t<\/a>\n\t\t\t\t\t\t\t\t\t\t\t<figcaption class=\"widget-image-caption wp-caption-text\">Canada<\/figcaption>\n\t\t\t\t\t\t\t\t\t\t<\/figure>\n\t\t\t\t\t\t\t<\/div>\n\t\t\t\t<\/div>\n\t\t\t\t<div class=\"elementor-element elementor-element-13e83f5 elementor-widget elementor-widget-image\" data-id=\"13e83f5\" data-element_type=\"widget\" data-widget_type=\"image.default\">\n\t\t\t\t<div class=\"elementor-widget-container\">\n\t\t\t\t\t\t\t\t\t\t<figure class=\"wp-caption\">\n\t\t\t\t\t\t\t\t\t\t\t<a href=\"#\">\n\t\t\t\t\t\t\t<img loading=\"lazy\" decoding=\"async\" width=\"275\" height=\"183\" src=\"https:\/\/sabre300.recordpower.com\/wp-content\/uploads\/2024\/01\/Czech-Republic.jpg\" class=\"attachment-full size-full wp-image-378\" alt=\"\" \/>\t\t\t\t\t\t\t\t<\/a>\n\t\t\t\t\t\t\t\t\t\t\t<figcaption class=\"widget-image-caption wp-caption-text\">R\u00e9publique tch\u00e8que<\/figcaption>\n\t\t\t\t\t\t\t\t\t\t<\/figure>\n\t\t\t\t\t\t\t<\/div>\n\t\t\t\t<\/div>\n\t\t\t\t<div class=\"elementor-element elementor-element-d6368ce elementor-widget elementor-widget-image\" data-id=\"d6368ce\" data-element_type=\"widget\" data-widget_type=\"image.default\">\n\t\t\t\t<div class=\"elementor-widget-container\">\n\t\t\t\t\t\t\t\t\t\t<figure class=\"wp-caption\">\n\t\t\t\t\t\t\t\t\t\t\t<a href=\"#\">\n\t\t\t\t\t\t\t<img loading=\"lazy\" decoding=\"async\" width=\"255\" height=\"170\" src=\"https:\/\/sabre300.recordpower.com\/wp-content\/uploads\/2024\/01\/f1.jpg\" class=\"attachment-full size-full wp-image-366\" alt=\"\" \/>\t\t\t\t\t\t\t\t<\/a>\n\t\t\t\t\t\t\t\t\t\t\t<figcaption class=\"widget-image-caption wp-caption-text\">Australie<\/figcaption>\n\t\t\t\t\t\t\t\t\t\t<\/figure>\n\t\t\t\t\t\t\t<\/div>\n\t\t\t\t<\/div>\n\t\t\t\t<div class=\"elementor-element elementor-element-ecb0b2a elementor-widget elementor-widget-image\" data-id=\"ecb0b2a\" data-element_type=\"widget\" data-widget_type=\"image.default\">\n\t\t\t\t<div class=\"elementor-widget-container\">\n\t\t\t\t\t\t\t\t\t\t<figure class=\"wp-caption\">\n\t\t\t\t\t\t\t\t\t\t\t<a href=\"#\">\n\t\t\t\t\t\t\t<img loading=\"lazy\" decoding=\"async\" width=\"255\" height=\"170\" src=\"https:\/\/sabre300.recordpower.com\/wp-content\/uploads\/2024\/01\/f1.jpg\" class=\"attachment-full size-full wp-image-366\" alt=\"\" \/>\t\t\t\t\t\t\t\t<\/a>\n\t\t\t\t\t\t\t\t\t\t\t<figcaption class=\"widget-image-caption wp-caption-text\">Australie<\/figcaption>\n\t\t\t\t\t\t\t\t\t\t<\/figure>\n\t\t\t\t\t\t\t<\/div>\n\t\t\t\t<\/div>\n\t\t\t\t\t<\/div>\n\t\t\t\t<\/div>\n\t\t\t\t<\/div>\n\t\t","protected":false},"excerpt":{"rendered":"<p>O\u00f9 acheter Stockiste allemand Stockiste fran\u00e7ais Stockiste au Royaume-Uni Australie Autriche Belgique Canada R\u00e9publique tch\u00e8que Australie Australie<\/p>\n","protected":false},"author":1,"featured_media":0,"parent":0,"menu_order":0,"comment_status":"closed","ping_status":"closed","template":"","meta":{"_acf_changed":false,"_monsterinsights_skip_tracking":false,"_monsterinsights_sitenote_active":false,"_monsterinsights_sitenote_note":"","_monsterinsights_sitenote_category":0,"footnotes":""},"class_list":["post-1294","page","type-page","status-publish","hentry"],"acf":[],"_links":{"self":[{"href":"https:\/\/sabre300.recordpower.com\/fr\/wp-json\/wp\/v2\/pages\/1294","targetHints":{"allow":["GET"]}}],"collection":[{"href":"https:\/\/sabre300.recordpower.com\/fr\/wp-json\/wp\/v2\/pages"}],"about":[{"href":"https:\/\/sabre300.recordpower.com\/fr\/wp-json\/wp\/v2\/types\/page"}],"author":[{"embeddable":true,"href":"https:\/\/sabre300.recordpower.com\/fr\/wp-json\/wp\/v2\/users\/1"}],"replies":[{"embeddable":true,"href":"https:\/\/sabre300.recordpower.com\/fr\/wp-json\/wp\/v2\/comments?post=1294"}],"version-history":[{"count":8,"href":"https:\/\/sabre300.recordpower.com\/fr\/wp-json\/wp\/v2\/pages\/1294\/revisions"}],"predecessor-version":[{"id":2276,"href":"https:\/\/sabre300.recordpower.com\/fr\/wp-json\/wp\/v2\/pages\/1294\/revisions\/2276"}],"wp:attachment":[{"href":"https:\/\/sabre300.recordpower.com\/fr\/wp-json\/wp\/v2\/media?parent=1294"}],"curies":[{"name":"wp","href":"https:\/\/api.w.org\/{rel}","templated":true}]}}