{"id":2134,"date":"2024-03-20T16:01:57","date_gmt":"2024-03-20T16:01:57","guid":{"rendered":"https:\/\/sabre300.recordpower.com\/cookie-richtlinie\/"},"modified":"2024-04-08T11:04:51","modified_gmt":"2024-04-08T11:04:51","slug":"cookie-richtlinie","status":"publish","type":"page","link":"https:\/\/sabre300.recordpower.com\/de\/cookie-richtlinie\/","title":{"rendered":"Cookie-Richtlinie"},"content":{"rendered":"\t\t<div data-elementor-type=\"wp-page\" data-elementor-id=\"2134\" class=\"elementor elementor-2134 elementor-1406\">\n\t\t\t\t<div class=\"elementor-element elementor-element-174bbaa e-flex e-con-boxed wpr-particle-no wpr-jarallax-no wpr-parallax-no wpr-sticky-section-no e-con e-parent\" data-id=\"174bbaa\" data-element_type=\"container\" data-settings=\"{&quot;background_background&quot;:&quot;classic&quot;}\">\n\t\t\t\t\t<div class=\"e-con-inner\">\n\t\t\t\t<div class=\"elementor-element elementor-element-d6b0d28 elementor-widget elementor-widget-heading\" data-id=\"d6b0d28\" data-element_type=\"widget\" data-widget_type=\"heading.default\">\n\t\t\t\t<div class=\"elementor-widget-container\">\n\t\t\t<style>\/*! elementor - v3.21.0 - 18-04-2024 *\/\n.elementor-heading-title{padding:0;margin:0;line-height:1}.elementor-widget-heading .elementor-heading-title[class*=elementor-size-]>a{color:inherit;font-size:inherit;line-height:inherit}.elementor-widget-heading .elementor-heading-title.elementor-size-small{font-size:15px}.elementor-widget-heading .elementor-heading-title.elementor-size-medium{font-size:19px}.elementor-widget-heading .elementor-heading-title.elementor-size-large{font-size:29px}.elementor-widget-heading .elementor-heading-title.elementor-size-xl{font-size:39px}.elementor-widget-heading .elementor-heading-title.elementor-size-xxl{font-size:59px}<\/style><h1 class=\"elementor-heading-title elementor-size-default\">Cookie-Richtlinie<\/h1>\t\t<\/div>\n\t\t\t\t<\/div>\n\t\t\t\t\t<\/div>\n\t\t\t\t<\/div>\n\t\t<div class=\"elementor-element elementor-element-29c22af7 e-flex e-con-boxed wpr-particle-no wpr-jarallax-no wpr-parallax-no wpr-sticky-section-no e-con e-parent\" data-id=\"29c22af7\" data-element_type=\"container\">\n\t\t\t\t\t<div class=\"e-con-inner\">\n\t\t\t\t<div class=\"elementor-element elementor-element-2bfcafbd elementor-widget elementor-widget-text-editor\" data-id=\"2bfcafbd\" data-element_type=\"widget\" data-widget_type=\"text-editor.default\">\n\t\t\t\t<div class=\"elementor-widget-container\">\n\t\t\t<style>\/*! elementor - v3.21.0 - 18-04-2024 *\/\n.elementor-widget-text-editor.elementor-drop-cap-view-stacked .elementor-drop-cap{background-color:#69727d;color:#fff}.elementor-widget-text-editor.elementor-drop-cap-view-framed .elementor-drop-cap{color:#69727d;border:3px solid;background-color:transparent}.elementor-widget-text-editor:not(.elementor-drop-cap-view-default) .elementor-drop-cap{margin-top:8px}.elementor-widget-text-editor:not(.elementor-drop-cap-view-default) .elementor-drop-cap-letter{width:1em;height:1em}.elementor-widget-text-editor .elementor-drop-cap{float:left;text-align:center;line-height:1;font-size:50px}.elementor-widget-text-editor .elementor-drop-cap-letter{display:inline-block}<\/style>\t\t\t\t<h3><strong>Zustimmung<\/strong><\/h3>\n<p>Wenn Sie <em>diese Website weiterhin besuchen<\/em>: Record Power Ltd. und weil Ihre Browsereinstellungen die Verwendung von Cookies zulassen, stimmen Sie der Verwendung von Cookies in \u00dcbereinstimmung mit dieser Cookie-Richtlinie zu. Sie werden bei Ihrem ersten Besuch auf unserer Website ein entsprechendes Pop-up-Fenster gesehen haben. Auch wenn das Pop-up-Fenster in der Regel bei sp\u00e4teren Besuchen nicht mehr erscheint, k\u00f6nnen Sie Ihre Zustimmung jederzeit widerrufen, indem Sie die nachstehenden Anweisungen befolgen.<\/p>\n<h3><strong>Was sind Cookies?<\/strong><\/h3>\n<p>Cookies sind Textdateien, die kleine Mengen von Informationen enthalten und auf Ihren Computer oder Ihr Ger\u00e4t heruntergeladen werden, wenn Sie eine Website besuchen. Die Cookies werden dann bei Ihren n\u00e4chsten Besuchen auf der Dom\u00e4ne an die urspr\u00fcngliche Dom\u00e4ne zur\u00fcckgeschickt.<\/p>\n<p>Cookies sind n\u00fctzlich, weil sie es einer Website erm\u00f6glichen, das Ger\u00e4t eines Nutzers zu erkennen. Cookies erm\u00f6glichen es Ihnen, effizient zwischen den Seiten zu navigieren, sich an Pr\u00e4ferenzen zu erinnern und allgemein die Benutzerfreundlichkeit zu verbessern. Sie k\u00f6nnen auch dazu verwendet werden, Werbung auf Ihre Interessen abzustimmen, indem Ihr Surfverhalten auf verschiedenen Websites verfolgt wird.<\/p>\n<p>Sitzungscookies werden automatisch gel\u00f6scht, wenn Sie Ihren Browser schlie\u00dfen, w\u00e4hrend dauerhafte Cookies auf Ihrem Ger\u00e4t verbleiben, nachdem der Browser geschlossen wurde (z. B. um sich an Ihre Benutzereinstellungen zu erinnern, wenn Sie die Website erneut besuchen).<\/p>\n<h3><strong>Deaktivieren von Cookies<\/strong><\/h3>\n<p>Sie k\u00f6nnen Cookies deaktivieren, indem Sie die Anweisungen f\u00fcr Ihren Browser befolgen, die Sie hier finden. Einige Teile unserer Website k\u00f6nnen jedoch ihre Funktionalit\u00e4t verlieren, wenn die Cookies deaktiviert werden. Wir f\u00fchren die Namen der Cookies selbst und ihre Quelle zum Zeitpunkt dieses Dokuments auf, damit Sie sie leicht identifizieren k\u00f6nnen.<\/p>\n<p><strong>Performance-Cookies<\/strong> Wir verwenden analytische Cookies, um zu analysieren, wie die Website von <strong>Record Power Ltd <\/strong>. genutzt wird und um die Leistung der Website zu \u00fcberwachen. Auf diese Weise k\u00f6nnen wir ein qualitativ hochwertiges Erlebnis bieten, indem wir unser Angebot individuell gestalten und auftretende Probleme schnell erkennen und beheben. Zum Beispiel k\u00f6nnen wir Performance-Cookies verwenden, um: die Anzahl der einzelnen Besucher zu ermitteln. Die von diesen Cookies gesammelten Informationen werden weder von uns noch von unseren Vertragspartnern mit Ihren pers\u00f6nlichen Daten in Verbindung gebracht.<\/p>\n<h3><strong>Website-Funktionalit\u00e4t Cookies<\/strong><\/h3>\n<p>Wir verwenden Cookies, um Ihnen bestimmte Funktionen zur Verf\u00fcgung zu stellen. Zum Beispiel, um sich an von Ihnen getroffene Entscheidungen zu erinnern (wie Ihren Benutzernamen, Ihre Sprache oder die Region, in der Sie sich befinden), oder um die Plattform zu erkennen, von der aus Sie auf die Website zugreifen, und um verbesserte und pers\u00f6nlichere Funktionen bereitzustellen. Diese Cookies werden nicht verwendet, um Ihr Surfverhalten auf anderen Websites zu verfolgen.<\/p>\n<h3><strong>Zielgerichtete Cookies<\/strong><\/h3>\n<p>Targeting-Cookies (oder Werbe-Cookies) sammeln Informationen \u00fcber Ihre Surfgewohnheiten und werden verwendet, um die Werbung besser auf Sie und Ihre Interessen abzustimmen. Sie werden von Diensten verwendet, die von Dritten bereitgestellt werden, wie z. B. Like- oder Share-Schaltfl\u00e4chen. Dritte erbringen diese Dienste als Gegenleistung daf\u00fcr, dass sie erkennen, dass Sie unsere Website besucht haben. Wenn Sie Schaltfl\u00e4chen wie z. B. die LinkedIn- oder Twitter-Share-Schaltfl\u00e4chen verwenden, werden Sie auf eine Seite weitergeleitet, die von diesen Unternehmen kontrolliert wird, die Cookies (einschlie\u00dflich Targeting-Cookies) setzen k\u00f6nnen und den Cookie- und Datenschutzrichtlinien von LinkedIn bzw. Twitter unterliegen.<\/p>\n<p><strong>Verwendung von IP-Adressen und Web-Logs<\/strong> Wir k\u00f6nnen auch die IP-Adresse und den Browsertyp eines Verbrauchers verwenden, um Probleme mit unserem Server zu diagnostizieren, die Dienste von <strong>Record Power Ltd <\/strong>. zu verwalten und ihre Funktionalit\u00e4t zu verbessern. Eine IP-Adresse ist ein numerischer Code, der den Computer eines Verbrauchers im Internet identifiziert. Die IP-Adresse eines Verbrauchers kann auch verwendet werden, um allgemeine demografische Informationen zu sammeln. Wir k\u00f6nnen IP-Lookups durchf\u00fchren, um festzustellen, von welcher Domain ein Verbraucher kommt (z. B. google.com), um die Demografie unserer Nutzer genauer zu erfassen. Die Informationen dieser Art von Cookies und Technologien werden nicht mit Informationen \u00fcber den Verbraucher aus anderen Quellen kombiniert und identifizieren den Verbraucher nicht pers\u00f6nlich.<\/p>\n<p><strong>\u00c4nderungen an der Cookie-Richtlinie<\/strong> Wir k\u00f6nnen dieses Dokument von Zeit zu Zeit aktualisieren und empfehlen Ihnen, es regelm\u00e4\u00dfig zu lesen, um \u00fcber die Verwendung von Cookies durch uns informiert zu bleiben. Diese Cookie-Richtlinie wurde zuletzt am 23. Januar 2022 aktualisiert.<\/p>\n\t\t\t\t\t\t<\/div>\n\t\t\t\t<\/div>\n\t\t\t\t\t<\/div>\n\t\t\t\t<\/div>\n\t\t\t\t<\/div>\n\t\t","protected":false},"excerpt":{"rendered":"<p>Cookie-Richtlinie Zustimmung Wenn Sie diese Website weiterhin besuchen: Record Power Ltd. und weil Ihre Browsereinstellungen die Verwendung von Cookies zulassen, stimmen Sie der Verwendung von Cookies in \u00dcbereinstimmung mit dieser Cookie-Richtlinie zu. Sie werden bei Ihrem ersten Besuch auf unserer Website ein entsprechendes Pop-up-Fenster gesehen haben. Auch wenn das Pop-up-Fenster in der Regel bei sp\u00e4teren [&hellip;]<\/p>\n","protected":false},"author":1,"featured_media":0,"parent":0,"menu_order":0,"comment_status":"closed","ping_status":"closed","template":"","meta":{"_acf_changed":false,"_monsterinsights_skip_tracking":false,"_monsterinsights_sitenote_active":false,"_monsterinsights_sitenote_note":"","_monsterinsights_sitenote_category":0,"footnotes":""},"class_list":["post-2134","page","type-page","status-publish","hentry"],"acf":[],"_links":{"self":[{"href":"https:\/\/sabre300.recordpower.com\/de\/wp-json\/wp\/v2\/pages\/2134","targetHints":{"allow":["GET"]}}],"collection":[{"href":"https:\/\/sabre300.recordpower.com\/de\/wp-json\/wp\/v2\/pages"}],"about":[{"href":"https:\/\/sabre300.recordpower.com\/de\/wp-json\/wp\/v2\/types\/page"}],"author":[{"embeddable":true,"href":"https:\/\/sabre300.recordpower.com\/de\/wp-json\/wp\/v2\/users\/1"}],"replies":[{"embeddable":true,"href":"https:\/\/sabre300.recordpower.com\/de\/wp-json\/wp\/v2\/comments?post=2134"}],"version-history":[{"count":1,"href":"https:\/\/sabre300.recordpower.com\/de\/wp-json\/wp\/v2\/pages\/2134\/revisions"}],"predecessor-version":[{"id":2135,"href":"https:\/\/sabre300.recordpower.com\/de\/wp-json\/wp\/v2\/pages\/2134\/revisions\/2135"}],"wp:attachment":[{"href":"https:\/\/sabre300.recordpower.com\/de\/wp-json\/wp\/v2\/media?parent=2134"}],"curies":[{"name":"wp","href":"https:\/\/api.w.org\/{rel}","templated":true}]}}